{"id":152,"date":"2023-06-18T23:25:42","date_gmt":"2023-06-18T20:25:42","guid":{"rendered":"https:\/\/kocglobal.com.tr\/?page_id=152"},"modified":"2024-06-04T11:37:10","modified_gmt":"2024-06-04T08:37:10","slug":"hakkimizda","status":"publish","type":"page","link":"https:\/\/kocglobal.com.tr\/en\/hakkimizda\/","title":{"rendered":"About Us"},"content":{"rendered":"<p>\u0130n\u015faat, nakliye ve madeni ya\u011f sekt\u00f6rlerinde 10 y\u0131l\u0131 a\u015fk\u0131n tecr\u00fcbeye sahip olan KO\u00c7 GLOBAL; m\u00fc\u015fteri ihtiya\u00e7lar\u0131na profesyonel \u00e7\u00f6z\u00fcmler sunar.<br \/>\nEn iyi kalite de\u011ferlendiricisinin m\u00fc\u015fteri oldu\u011funu bilerek hareket eden, kurulu\u015fundaki milli amac\u0131n gereklerini yerine getirerek; k\u00fcresel pazarda yaratt\u0131\u011f\u0131 de\u011ferler ile b\u00fcy\u00fcmesini koruyan KO\u00c7 GLOBAL; rekabet g\u00fcc\u00fc ile tercih edilen, g\u00fcven duyulan, \u00e7evreye ve insana duyarl\u0131 anlay\u0131\u015fla hizmet veren bir kurulu\u015ftur.<\/p>\n<p>\u00dcretti\u011fi \u00fcr\u00fcnler ve sundu\u011fu hizmetler ile marka de\u011feri devaml\u0131 y\u00fckselen KO\u00c7 GLOBAL\u2019\u0131n m\u00fckemmele ula\u015fma hedefi hi\u00e7 bitmeyecek, ta\u015f\u0131d\u0131\u011f\u0131 bu inan\u00e7la yer ald\u0131\u011f\u0131 sekt\u00f6rlerde geli\u015fim sa\u011flamaya devam edecektir.<\/p>\n<p>F\u0130RMA B\u0130LG\u0130LER\u0130M\u0130Z:<br \/>\nKO\u00c7 GLOBAL HIRDAVAT \u0130N\u015eAAT MAZLEMELER\u0130 PETROL<br \/>\nDANI\u015eMANLIK OTOMOT\u0130V TA\u015eIMACILIK VE T\u0130CARET LTD \u015eT\u0130<\/p>\n<p>OST\u0130M VERG\u0130 DA\u0130RES\u0130: 570 072 2962<\/p>\n<p>OST\u0130M OSB MAHALLES\u0130, ALINTER\u0130 BULVARI NO:38<br \/>\nYEN\u0130MAHALLE\/ANKARA\/T\u00dcRK\u0130YE<\/p>\n<p>BANKA HESAP B\u0130LG\u0130LER\u0130M\u0130Z<\/p>\n<p>HALKBANK    TR13 0001 2009 4120 0010 2613 83<br \/>\nDEN\u0130ZBANK   TR58 0013 4000 0191 7781 1000 20<br \/>\nVAKIFBANK   TR83 0001 5001 5800 7324 7968 90<\/p>\n","protected":false},"excerpt":{"rendered":"<p>\u0130n\u015faat, nakliye ve madeni ya\u011f sekt\u00f6rlerinde 10 y\u0131l\u0131 a\u015fk\u0131n tecr\u00fcbeye sahip olan KO\u00c7 GLOBAL; m\u00fc\u015fteri ihtiya\u00e7lar\u0131na profesyonel \u00e7\u00f6z\u00fcmler sunar. En iyi kalite de\u011ferlendiricisinin m\u00fc\u015fteri oldu\u011funu bilerek hareket eden, kurulu\u015fundaki milli amac\u0131n gereklerini yerine getirerek; k\u00fcresel pazarda yaratt\u0131\u011f\u0131 de\u011ferler ile b\u00fcy\u00fcmesini koruyan KO\u00c7 GLOBAL; rekabet g\u00fcc\u00fc ile tercih edilen, g\u00fcven duyulan, \u00e7evreye ve insana duyarl\u0131 anlay\u0131\u015fla [&hellip;]<\/p>\n","protected":false},"author":1,"featured_media":339,"parent":0,"menu_order":0,"comment_status":"closed","ping_status":"closed","template":"hakkimizda.php","meta":{"footnotes":""},"class_list":["post-152","page","type-page","status-publish","has-post-thumbnail","hentry"],"translation":{"provider":"WPGlobus","version":"2.12.2","language":"en","enabled_languages":["tr","en"],"languages":{"tr":{"title":true,"content":true,"excerpt":false},"en":{"title":true,"content":false,"excerpt":false}}},"_links":{"self":[{"href":"https:\/\/kocglobal.com.tr\/en\/wp-json\/wp\/v2\/pages\/152","targetHints":{"allow":["GET"]}}],"collection":[{"href":"https:\/\/kocglobal.com.tr\/en\/wp-json\/wp\/v2\/pages"}],"about":[{"href":"https:\/\/kocglobal.com.tr\/en\/wp-json\/wp\/v2\/types\/page"}],"author":[{"embeddable":true,"href":"https:\/\/kocglobal.com.tr\/en\/wp-json\/wp\/v2\/users\/1"}],"replies":[{"embeddable":true,"href":"https:\/\/kocglobal.com.tr\/en\/wp-json\/wp\/v2\/comments?post=152"}],"version-history":[{"count":24,"href":"https:\/\/kocglobal.com.tr\/en\/wp-json\/wp\/v2\/pages\/152\/revisions"}],"predecessor-version":[{"id":1912,"href":"https:\/\/kocglobal.com.tr\/en\/wp-json\/wp\/v2\/pages\/152\/revisions\/1912"}],"wp:featuredmedia":[{"embeddable":true,"href":"https:\/\/kocglobal.com.tr\/en\/wp-json\/wp\/v2\/media\/339"}],"wp:attachment":[{"href":"https:\/\/kocglobal.com.tr\/en\/wp-json\/wp\/v2\/media?parent=152"}],"curies":[{"name":"wp","href":"https:\/\/api.w.org\/{rel}","templated":true}]}}